	
	
	
	
	
	
	

{"id":20,"date":"2025-01-23T20:14:39","date_gmt":"2025-01-23T20:14:39","guid":{"rendered":"https:\/\/mozzo.cl\/template-a\/product\/pato-pekin\/"},"modified":"2025-01-23T18:58:56","modified_gmt":"2025-01-23T21:58:56","slug":"pato-pekin","status":"publish","type":"product","link":"https:\/\/mozzo.cl\/template-a\/product\/pato-pekin\/","title":{"rendered":"Pato Pek\u00edn"},"content":{"rendered":"<p>Tradicional pato laqueado acompa\u00f1ado de crepas finas, pepino, ceboll\u00edn y salsa hoisin.<\/p>\n","protected":false},"excerpt":{"rendered":"<p>Pato laqueado con acompa\u00f1amientos.<\/p>\n","protected":false},"featured_media":67,"comment_status":"open","ping_status":"closed","template":"","meta":[],"product_brand":[],"product_cat":[41],"product_tag":[40],"class_list":{"0":"post-20","1":"product","2":"type-product","3":"status-publish","4":"has-post-thumbnail","6":"product_cat-platos-principales","7":"product_tag-carnes","9":"first","10":"instock","11":"shipping-taxable","12":"purchasable","13":"product-type-simple"},"_links":{"self":[{"href":"https:\/\/mozzo.cl\/template-a\/wp-json\/wp\/v2\/product\/20","targetHints":{"allow":["GET"]}}],"collection":[{"href":"https:\/\/mozzo.cl\/template-a\/wp-json\/wp\/v2\/product"}],"about":[{"href":"https:\/\/mozzo.cl\/template-a\/wp-json\/wp\/v2\/types\/product"}],"replies":[{"embeddable":true,"href":"https:\/\/mozzo.cl\/template-a\/wp-json\/wp\/v2\/comments?post=20"}],"wp:featuredmedia":[{"embeddable":true,"href":"https:\/\/mozzo.cl\/template-a\/wp-json\/wp\/v2\/media\/67"}],"wp:attachment":[{"href":"https:\/\/mozzo.cl\/template-a\/wp-json\/wp\/v2\/media?parent=20"}],"wp:term":[{"taxonomy":"product_brand","embeddable":true,"href":"https:\/\/mozzo.cl\/template-a\/wp-json\/wp\/v2\/product_brand?post=20"},{"taxonomy":"product_cat","embeddable":true,"href":"https:\/\/mozzo.cl\/template-a\/wp-json\/wp\/v2\/product_cat?post=20"},{"taxonomy":"product_tag","embeddable":true,"href":"https:\/\/mozzo.cl\/template-a\/wp-json\/wp\/v2\/product_tag?post=20"}],"curies":[{"name":"wp","href":"https:\/\/api.w.org\/{rel}","templated":true}]}}