	
	
	
	
	
	
	

{"id":589,"date":"2025-01-28T19:43:53","date_gmt":"2025-01-28T22:43:53","guid":{"rendered":"https:\/\/mozzo.cl\/template-b\/?page_id=589"},"modified":"2025-01-28T19:58:05","modified_gmt":"2025-01-28T22:58:05","slug":"reservas","status":"publish","type":"page","link":"https:\/\/mozzo.cl\/template-b\/reservas\/","title":{"rendered":"Reservas"},"content":{"rendered":"<div class=\"container py-5\">\n<div id=\"mozzo-reservation-form-container\">\n    <div class=\"reservation-form\">\n        <form id=\"mozzo-reservation-form\" method=\"post\" action=\"\" class=\"row g-3\">\n            <input type=\"hidden\" id=\"custom_reservation_nonce\" name=\"custom_reservation_nonce\" value=\"9deac2c8d4\" \/><input type=\"hidden\" name=\"_wp_http_referer\" value=\"\/template-b\/wp-json\/wp\/v2\/pages\/589\" \/>    \n            <div class=\"col-md-6\">\n                <label for=\"reservation_name\" class=\"form-label\">Nombre<span class=\"asterisk\">*<\/span><\/label>\n                <input type=\"text\" id=\"reservation_name\" name=\"reservation_name\" class=\"form-control\" required>\n            <\/div>\n            \n            <div class=\"col-md-6\">\n                <label for=\"reservation_phone\" class=\"form-label\">Fono<\/label>\n                <input type=\"tel\" id=\"reservation_phone\" name=\"reservation_phone\" class=\"form-control\">\n            <\/div>\n            \n            <div class=\"col-md-6\">\n                <label for=\"reservation_date\" class=\"form-label\">Fecha<span class=\"asterisk\">*<\/span><\/label>\n                <input type=\"date\" id=\"reservation_date\" name=\"reservation_date\" class=\"form-control\" required>\n            <\/div>\n            \n            <div class=\"col-md-6\">\n                <label for=\"reservation_time\" class=\"form-label\">Hora<span class=\"asterisk\">*<\/span><\/label>\n                <input type=\"time\" id=\"reservation_time\" name=\"reservation_time\" class=\"form-control\" required>\n            <\/div>\n            \n            <div class=\"col-md-6\">\n                <label for=\"reservation_guests\" class=\"form-label\">Invitados<\/label>\n                <input type=\"number\" id=\"reservation_guests\" name=\"reservation_guests\" class=\"form-control\" min=\"1\">\n            <\/div>\n    \n            <div class=\"col-md-6\">\n                <label for=\"reservation_email\" class=\"form-label\">Email<span class=\"asterisk\">*<\/span><\/label>\n                <input type=\"email\" id=\"reservation_email\" name=\"reservation_email\" class=\"form-control\" required>\n            <\/div>\n    \n            <div class=\"col-12\">\n                <label for=\"reservation_message\" class=\"form-label\">Mensaje<\/label>\n                <textarea id=\"reservation_message\" name=\"reservation_message\" class=\"form-control\" rows=\"4\"><\/textarea>\n            <\/div>\n    \n            <div class=\"col-12\">\n                <button type=\"submit\" class=\"btn btn-primary\">Solicitar reserva<\/button>\n            <\/div>\n        <\/form>\n    <\/div>\n    \n<\/div>\n<\/div>\n","protected":false},"excerpt":{"rendered":"<p>\u00a1Garantiza tu lugar en el para\u00edso de los sabores! Reserva tu mesa en Pizza Paradiso y disfruta de una experiencia gastron\u00f3mica \u00fanica con nuestras pizzas artesanales, entradas irresistibles y postres que endulzar\u00e1n tu d\u00eda. \u00a1Te esperamos para hacer de tu visita un momento inolvidable!<\/p>\n","protected":false},"author":1,"featured_media":0,"parent":0,"menu_order":0,"comment_status":"closed","ping_status":"closed","template":"","meta":{"footnotes":""},"class_list":["post-589","page","type-page","status-publish","hentry"],"_links":{"self":[{"href":"https:\/\/mozzo.cl\/template-b\/wp-json\/wp\/v2\/pages\/589","targetHints":{"allow":["GET"]}}],"collection":[{"href":"https:\/\/mozzo.cl\/template-b\/wp-json\/wp\/v2\/pages"}],"about":[{"href":"https:\/\/mozzo.cl\/template-b\/wp-json\/wp\/v2\/types\/page"}],"author":[{"embeddable":true,"href":"https:\/\/mozzo.cl\/template-b\/wp-json\/wp\/v2\/users\/1"}],"replies":[{"embeddable":true,"href":"https:\/\/mozzo.cl\/template-b\/wp-json\/wp\/v2\/comments?post=589"}],"version-history":[{"count":2,"href":"https:\/\/mozzo.cl\/template-b\/wp-json\/wp\/v2\/pages\/589\/revisions"}],"predecessor-version":[{"id":592,"href":"https:\/\/mozzo.cl\/template-b\/wp-json\/wp\/v2\/pages\/589\/revisions\/592"}],"wp:attachment":[{"href":"https:\/\/mozzo.cl\/template-b\/wp-json\/wp\/v2\/media?parent=589"}],"curies":[{"name":"wp","href":"https:\/\/api.w.org\/{rel}","templated":true}]}}