	
	
	
	
	
	
	

{"id":594,"date":"2025-01-28T19:49:59","date_gmt":"2025-01-28T22:49:59","guid":{"rendered":"https:\/\/mozzo.cl\/template-b\/?page_id=594"},"modified":"2025-02-03T14:07:51","modified_gmt":"2025-02-03T17:07:51","slug":"ubicacion","status":"publish","type":"page","link":"https:\/\/mozzo.cl\/template-b\/ubicacion\/","title":{"rendered":"Ubicaci\u00f3n"},"content":{"rendered":"<div class=\"container py-5\">\n<div class=\"row\">\n<div class=\"col\">\n<div class=\"google-map\"><iframe src=\"https:\/\/www.google.com\/maps\/embed?pb=!1m18!1m12!1m3!1d394.70447375108245!2d13.378979810386559!3d37.681264981679995!2m3!1f0!2f0!3f0!3m2!1i1024!2i768!4f13.1!3m3!1m2!1s0x131a0f9fb3e3b74f%3A0xb85b3c57b3ff61c8!2sFontana%20ottagonale%20(1608)!5e0!3m2!1sen!2scl!4v1738090808987!5m2!1sen!2scl\" width=\"600\" height=\"450\" style=\"border:0\" allowfullscreen=\"\" loading=\"lazy\" referrerpolicy=\"no-referrer-when-downgrade\"><\/iframe><\/div>\n<\/div>\n<div class=\"col\">\n<h3 class=\"pt-3\">Direcci\u00f3n<\/h3>\n<p>Eyzaguirre 581, 8070460 San Bernardo<br \/>Regi\u00f3n Metropolitana<\/p>\n<h3 class=\"pt-3\">Horario de atenci\u00f3n<\/h3>\n<p>Lunes a Jueves: 13:00hrs &#8211; 21:00hrs<\/p>\n<p>Viernes y S\u00e1bado: 13:00hrs &#8211; 23:00hrs<\/p>\n<p>Domingos: Cerrado<\/p>\n<h3 class=\"pt-3\">Contacto y Reservas<\/h3>\n<p>Llama para pedir o reservar<\/p>\n<p class=\"fs-2 text-primary fst-italic\">9 8765 4321<\/p>\n<p><a href=\"https:\/\/mozzo.cl\/template-b\/reservas\/\" class=\"btn btn-primary\">Reserva online<\/a>\n<\/div>\n<\/div>\n<\/div>\n","protected":false},"excerpt":{"rendered":"<p>\u00a1Vis\u00edtanos y descubre d\u00f3nde comienza la magia! Pizza Paradiso est\u00e1 ubicado en un lugar c\u00e9ntrico y acogedor, listo para recibirte con los sabores que tanto amas. Consulta nuestra direcci\u00f3n y horarios, y ven a disfrutar de una experiencia gastron\u00f3mica inolvidable. \u00a1Te esperamos con los hornos encendidos!<\/p>\n","protected":false},"author":1,"featured_media":0,"parent":0,"menu_order":0,"comment_status":"closed","ping_status":"closed","template":"","meta":{"footnotes":""},"class_list":["post-594","page","type-page","status-publish","hentry"],"_links":{"self":[{"href":"https:\/\/mozzo.cl\/template-b\/wp-json\/wp\/v2\/pages\/594","targetHints":{"allow":["GET"]}}],"collection":[{"href":"https:\/\/mozzo.cl\/template-b\/wp-json\/wp\/v2\/pages"}],"about":[{"href":"https:\/\/mozzo.cl\/template-b\/wp-json\/wp\/v2\/types\/page"}],"author":[{"embeddable":true,"href":"https:\/\/mozzo.cl\/template-b\/wp-json\/wp\/v2\/users\/1"}],"replies":[{"embeddable":true,"href":"https:\/\/mozzo.cl\/template-b\/wp-json\/wp\/v2\/comments?post=594"}],"version-history":[{"count":5,"href":"https:\/\/mozzo.cl\/template-b\/wp-json\/wp\/v2\/pages\/594\/revisions"}],"predecessor-version":[{"id":596,"href":"https:\/\/mozzo.cl\/template-b\/wp-json\/wp\/v2\/pages\/594\/revisions\/596"}],"wp:attachment":[{"href":"https:\/\/mozzo.cl\/template-b\/wp-json\/wp\/v2\/media?parent=594"}],"curies":[{"name":"wp","href":"https:\/\/api.w.org\/{rel}","templated":true}]}}