	
	
	
	
	
	
	

{"id":663,"date":"2024-12-20T20:32:55","date_gmt":"2024-12-20T23:32:55","guid":{"rendered":"http:\/\/localhost:8888\/template-a\/?post_type=product&#038;p=663"},"modified":"2024-12-21T00:01:59","modified_gmt":"2024-12-21T00:01:59","slug":"agua-de-sandia-y-albahaca","status":"publish","type":"product","link":"https:\/\/mozzo.cl\/template-c\/product\/agua-de-sandia-y-albahaca\/","title":{"rendered":"Agua de Sand\u00eda y Albahaca"},"content":{"rendered":"<p>Bebida natural y refrescante preparada con sand\u00eda fresca y albahaca arom\u00e1tica.<\/p>\n","protected":false},"excerpt":{"rendered":"<p>Bebida natural y refrescante preparada con sand\u00eda fresca y albahaca arom\u00e1tica.<\/p>\n","protected":false},"featured_media":619,"comment_status":"open","ping_status":"closed","template":"","meta":[],"product_brand":[],"product_cat":[57],"product_tag":[],"class_list":{"0":"post-663","1":"product","2":"type-product","3":"status-publish","4":"has-post-thumbnail","6":"product_cat-bebidas","8":"first","9":"instock","10":"shipping-taxable","11":"purchasable","12":"product-type-simple"},"_links":{"self":[{"href":"https:\/\/mozzo.cl\/template-c\/wp-json\/wp\/v2\/product\/663","targetHints":{"allow":["GET"]}}],"collection":[{"href":"https:\/\/mozzo.cl\/template-c\/wp-json\/wp\/v2\/product"}],"about":[{"href":"https:\/\/mozzo.cl\/template-c\/wp-json\/wp\/v2\/types\/product"}],"replies":[{"embeddable":true,"href":"https:\/\/mozzo.cl\/template-c\/wp-json\/wp\/v2\/comments?post=663"}],"wp:featuredmedia":[{"embeddable":true,"href":"https:\/\/mozzo.cl\/template-c\/wp-json\/wp\/v2\/media\/619"}],"wp:attachment":[{"href":"https:\/\/mozzo.cl\/template-c\/wp-json\/wp\/v2\/media?parent=663"}],"wp:term":[{"taxonomy":"product_brand","embeddable":true,"href":"https:\/\/mozzo.cl\/template-c\/wp-json\/wp\/v2\/product_brand?post=663"},{"taxonomy":"product_cat","embeddable":true,"href":"https:\/\/mozzo.cl\/template-c\/wp-json\/wp\/v2\/product_cat?post=663"},{"taxonomy":"product_tag","embeddable":true,"href":"https:\/\/mozzo.cl\/template-c\/wp-json\/wp\/v2\/product_tag?post=663"}],"curies":[{"name":"wp","href":"https:\/\/api.w.org\/{rel}","templated":true}]}}